{"id":196,"date":"2023-11-14T12:13:26","date_gmt":"2023-11-14T12:13:26","guid":{"rendered":"https:\/\/a.feedbackcapacitacion.cl\/?page_id=196"},"modified":"2023-11-14T16:21:52","modified_gmt":"2023-11-14T16:21:52","slug":"empresa","status":"publish","type":"page","link":"https:\/\/feedbackcapacitacion.cl\/?page_id=196","title":{"rendered":"Empresa"},"content":{"rendered":"\t\t<div data-elementor-type=\"wp-page\" data-elementor-id=\"196\" class=\"elementor elementor-196\">\n\t\t\t\t\t\t<section class=\"elementor-section elementor-top-section elementor-element elementor-element-e3d1292 elementor-section-boxed elementor-section-height-default elementor-section-height-default\" data-id=\"e3d1292\" data-element_type=\"section\" data-e-type=\"section\">\n\t\t\t\t\t\t<div class=\"elementor-container elementor-column-gap-default\">\n\t\t\t\t\t<div class=\"elementor-column elementor-col-50 elementor-top-column elementor-element elementor-element-fddafd6\" data-id=\"fddafd6\" data-element_type=\"column\" data-e-type=\"column\">\n\t\t\t<div class=\"elementor-widget-wrap elementor-element-populated\">\n\t\t\t\t\t\t<div class=\"elementor-element elementor-element-29a8bec elementor-widget elementor-widget-image\" data-id=\"29a8bec\" data-element_type=\"widget\" data-e-type=\"widget\" data-widget_type=\"image.default\">\n\t\t\t\t<div class=\"elementor-widget-container\">\n\t\t\t\t\t\t\t\t\t\t\t\t\t\t\t<img fetchpriority=\"high\" decoding=\"async\" width=\"912\" height=\"154\" src=\"https:\/\/feedbackcapacitacion.cl\/wp-content\/uploads\/2023\/11\/head-empresa.png\" class=\"attachment-large size-large wp-image-199\" alt=\"\" srcset=\"https:\/\/feedbackcapacitacion.cl\/wp-content\/uploads\/2023\/11\/head-empresa.png 912w, https:\/\/feedbackcapacitacion.cl\/wp-content\/uploads\/2023\/11\/head-empresa-300x51.png 300w, https:\/\/feedbackcapacitacion.cl\/wp-content\/uploads\/2023\/11\/head-empresa-768x130.png 768w\" sizes=\"(max-width: 912px) 100vw, 912px\" \/>\t\t\t\t\t\t\t\t\t\t\t\t\t\t\t<\/div>\n\t\t\t\t<\/div>\n\t\t\t\t<div class=\"elementor-element elementor-element-0208b8c elementor-widget elementor-widget-heading\" data-id=\"0208b8c\" data-element_type=\"widget\" data-e-type=\"widget\" data-widget_type=\"heading.default\">\n\t\t\t\t<div class=\"elementor-widget-container\">\n\t\t\t\t\t<h2 class=\"elementor-heading-title elementor-size-default\">Nuestra Empresa<\/h2>\t\t\t\t<\/div>\n\t\t\t\t<\/div>\n\t\t\t\t<div class=\"elementor-element elementor-element-007526f elementor-widget-mobile__width-inherit elementor-widget-divider--view-line elementor-widget elementor-widget-divider\" data-id=\"007526f\" data-element_type=\"widget\" data-e-type=\"widget\" data-widget_type=\"divider.default\">\n\t\t\t\t<div class=\"elementor-widget-container\">\n\t\t\t\t\t\t\t<div class=\"elementor-divider\">\n\t\t\t<span class=\"elementor-divider-separator\">\n\t\t\t\t\t\t<\/span>\n\t\t<\/div>\n\t\t\t\t\t\t<\/div>\n\t\t\t\t<\/div>\n\t\t\t\t\t<\/div>\n\t\t<\/div>\n\t\t\t\t<div class=\"elementor-column elementor-col-50 elementor-top-column elementor-element elementor-element-527a9b5\" data-id=\"527a9b5\" data-element_type=\"column\" data-e-type=\"column\">\n\t\t\t<div class=\"elementor-widget-wrap elementor-element-populated\">\n\t\t\t\t\t\t<div class=\"elementor-element elementor-element-6cc629f elementor-widget elementor-widget-text-editor\" data-id=\"6cc629f\" data-element_type=\"widget\" data-e-type=\"widget\" data-widget_type=\"text-editor.default\">\n\t\t\t\t<div class=\"elementor-widget-container\">\n\t\t\t\t\t\t\t\t\t<p style=\"text-align: justify;\">En el coraz\u00f3n de Feedback Capacitaciones reside una historia tejida con pasi\u00f3n por el aprendizaje y el crecimiento profesional. Todo comenz\u00f3 en [a\u00f1o de fundaci\u00f3n] cuando un grupo de educadores visionarios se unieron con un objetivo claro: transformar el panorama educativo, capacitando a individuos para que alcancen su m\u00e1ximo potencial.<\/p>\t\t\t\t\t\t\t\t<\/div>\n\t\t\t\t<\/div>\n\t\t\t\t<div class=\"elementor-element elementor-element-88c3dcd elementor-widget elementor-widget-text-editor\" data-id=\"88c3dcd\" data-element_type=\"widget\" data-e-type=\"widget\" data-widget_type=\"text-editor.default\">\n\t\t\t\t<div class=\"elementor-widget-container\">\n\t\t\t\t\t\t\t\t\t<p style=\"text-align: justify;\">A lo largo de los a\u00f1os, hemos evolucionado, adapt\u00e1ndonos a las cambiantes necesidades del mundo profesional. Nos enorgullece haber ayudado a innumerables individuos a adquirir nuevas habilidades, avanzar en sus carreras y alcanzar sus metas.<\/p>\t\t\t\t\t\t\t\t<\/div>\n\t\t\t\t<\/div>\n\t\t\t\t\t<\/div>\n\t\t<\/div>\n\t\t\t\t\t<\/div>\n\t\t<\/section>\n\t\t\t\t<section class=\"elementor-section elementor-top-section elementor-element elementor-element-vbekzpl elementor-section-boxed elementor-section-height-default elementor-section-height-default\" data-id=\"vbekzpl\" data-element_type=\"section\" data-e-type=\"section\" data-settings=\"{&quot;background_background&quot;:&quot;classic&quot;}\">\n\t\t\t\t\t\t<div class=\"elementor-container elementor-column-gap-default\">\n\t\t\t\t\t<div class=\"elementor-column elementor-col-100 elementor-top-column elementor-element elementor-element-41a0876\" data-id=\"41a0876\" data-element_type=\"column\" data-e-type=\"column\">\n\t\t\t<div class=\"elementor-widget-wrap elementor-element-populated\">\n\t\t\t\t\t\t<div class=\"elementor-element elementor-element-816c08c elementor-widget elementor-widget-heading\" data-id=\"816c08c\" data-element_type=\"widget\" data-e-type=\"widget\" data-widget_type=\"heading.default\">\n\t\t\t\t<div class=\"elementor-widget-container\">\n\t\t\t\t\t<h2 class=\"elementor-heading-title elementor-size-default\">Enfoque en la Calidad<\/h2>\t\t\t\t<\/div>\n\t\t\t\t<\/div>\n\t\t\t\t<section class=\"elementor-section elementor-inner-section elementor-element elementor-element-151b9da elementor-section-boxed elementor-section-height-default elementor-section-height-default\" data-id=\"151b9da\" data-element_type=\"section\" data-e-type=\"section\">\n\t\t\t\t\t\t<div class=\"elementor-container elementor-column-gap-default\">\n\t\t\t\t\t<div class=\"elementor-column elementor-col-50 elementor-inner-column elementor-element elementor-element-53a3118\" data-id=\"53a3118\" data-element_type=\"column\" data-e-type=\"column\">\n\t\t\t<div class=\"elementor-widget-wrap elementor-element-populated\">\n\t\t\t\t\t\t<div class=\"elementor-element elementor-element-31d7eae elementor-widget elementor-widget-heading\" data-id=\"31d7eae\" data-element_type=\"widget\" data-e-type=\"widget\" data-widget_type=\"heading.default\">\n\t\t\t\t<div class=\"elementor-widget-container\">\n\t\t\t\t\t<h4 class=\"elementor-heading-title elementor-size-default\">Misi\u00f3n<\/h4>\t\t\t\t<\/div>\n\t\t\t\t<\/div>\n\t\t\t\t\t<\/div>\n\t\t<\/div>\n\t\t\t\t<div class=\"elementor-column elementor-col-50 elementor-inner-column elementor-element elementor-element-a63e298\" data-id=\"a63e298\" data-element_type=\"column\" data-e-type=\"column\">\n\t\t\t<div class=\"elementor-widget-wrap elementor-element-populated\">\n\t\t\t\t\t\t<div class=\"elementor-element elementor-element-1c39851 elementor-widget elementor-widget-accordion\" data-id=\"1c39851\" data-element_type=\"widget\" data-e-type=\"widget\" data-widget_type=\"accordion.default\">\n\t\t\t\t<div class=\"elementor-widget-container\">\n\t\t\t\t\t\t\t<div class=\"elementor-accordion\">\n\t\t\t\t\t\t\t<div class=\"elementor-accordion-item\">\n\t\t\t\t\t<div id=\"elementor-tab-title-2951\" class=\"elementor-tab-title\" data-tab=\"1\" role=\"button\" aria-controls=\"elementor-tab-content-2951\" aria-expanded=\"false\">\n\t\t\t\t\t\t\t\t\t\t\t\t\t<span class=\"elementor-accordion-icon elementor-accordion-icon-left\" aria-hidden=\"true\">\n\t\t\t\t\t\t\t\t\t\t\t\t\t\t\t<span class=\"elementor-accordion-icon-closed\"><i class=\"fas fa-caret-right\"><\/i><\/span>\n\t\t\t\t\t\t\t\t<span class=\"elementor-accordion-icon-opened\"><i class=\"fas fa-caret-down\"><\/i><\/span>\n\t\t\t\t\t\t\t\t\t\t\t\t\t\t<\/span>\n\t\t\t\t\t\t\t\t\t\t\t\t<a class=\"elementor-accordion-title\" tabindex=\"0\">Declaraci\u00f3n de prop\u00f3sito<\/a>\n\t\t\t\t\t<\/div>\n\t\t\t\t\t<div id=\"elementor-tab-content-2951\" class=\"elementor-tab-content elementor-clearfix\" data-tab=\"1\" role=\"region\" aria-labelledby=\"elementor-tab-title-2951\"><p style=\"text-align:justify\";>FeedBack capacitaci\u00f3n, asume un compromiso permanente por entregar las mejores herramientas de capacitaci\u00f3n, infraestructura, implementaci\u00f3n tecnol\u00f3gica, materiales e insumos, \u00a0junto a un equipo de relatores de alta calificaci\u00f3n y vasta experiencia pr\u00e1ctica en sus \u00e1mbitos de especializaci\u00f3n. Nuestra misi\u00f3n es proveer de soluciones de capacitaci\u00f3n que permitan a nuestros clientes (personas naturales y\/o empresas privadas y\/o instituciones p\u00fablicas) mejorar sus est\u00e1ndares de eficiencia, eficacia y productividad de su gesti\u00f3n. Nuestro norte, es contribuir a la mejora de su gesti\u00f3n a trav\u00e9s de respuesta hechas a la medida de sus necesidades de capacitaci\u00f3n.<\/p><\/div>\n\t\t\t\t<\/div>\n\t\t\t\t\t\t\t\t<\/div>\n\t\t\t\t\t\t<\/div>\n\t\t\t\t<\/div>\n\t\t\t\t\t<\/div>\n\t\t<\/div>\n\t\t\t\t\t<\/div>\n\t\t<\/section>\n\t\t\t\t<section class=\"elementor-section elementor-inner-section elementor-element elementor-element-675b09b elementor-section-boxed elementor-section-height-default elementor-section-height-default\" data-id=\"675b09b\" data-element_type=\"section\" data-e-type=\"section\">\n\t\t\t\t\t\t<div class=\"elementor-container elementor-column-gap-default\">\n\t\t\t\t\t<div class=\"elementor-column elementor-col-50 elementor-inner-column elementor-element elementor-element-161aa4d\" data-id=\"161aa4d\" data-element_type=\"column\" data-e-type=\"column\">\n\t\t\t<div class=\"elementor-widget-wrap elementor-element-populated\">\n\t\t\t\t\t\t<div class=\"elementor-element elementor-element-81d0dde elementor-widget elementor-widget-heading\" data-id=\"81d0dde\" data-element_type=\"widget\" data-e-type=\"widget\" data-widget_type=\"heading.default\">\n\t\t\t\t<div class=\"elementor-widget-container\">\n\t\t\t\t\t<h4 class=\"elementor-heading-title elementor-size-default\">Visi\u00f3n<\/h4>\t\t\t\t<\/div>\n\t\t\t\t<\/div>\n\t\t\t\t\t<\/div>\n\t\t<\/div>\n\t\t\t\t<div class=\"elementor-column elementor-col-50 elementor-inner-column elementor-element elementor-element-1cd9cb1\" data-id=\"1cd9cb1\" data-element_type=\"column\" data-e-type=\"column\">\n\t\t\t<div class=\"elementor-widget-wrap elementor-element-populated\">\n\t\t\t\t\t\t<div class=\"elementor-element elementor-element-639e4df elementor-widget elementor-widget-accordion\" data-id=\"639e4df\" data-element_type=\"widget\" data-e-type=\"widget\" data-widget_type=\"accordion.default\">\n\t\t\t\t<div class=\"elementor-widget-container\">\n\t\t\t\t\t\t\t<div class=\"elementor-accordion\">\n\t\t\t\t\t\t\t<div class=\"elementor-accordion-item\">\n\t\t\t\t\t<div id=\"elementor-tab-title-1041\" class=\"elementor-tab-title\" data-tab=\"1\" role=\"button\" aria-controls=\"elementor-tab-content-1041\" aria-expanded=\"false\">\n\t\t\t\t\t\t\t\t\t\t\t\t\t<span class=\"elementor-accordion-icon elementor-accordion-icon-left\" aria-hidden=\"true\">\n\t\t\t\t\t\t\t\t\t\t\t\t\t\t\t<span class=\"elementor-accordion-icon-closed\"><i class=\"fas fa-caret-right\"><\/i><\/span>\n\t\t\t\t\t\t\t\t<span class=\"elementor-accordion-icon-opened\"><i class=\"fas fa-caret-down\"><\/i><\/span>\n\t\t\t\t\t\t\t\t\t\t\t\t\t\t<\/span>\n\t\t\t\t\t\t\t\t\t\t\t\t<a class=\"elementor-accordion-title\" tabindex=\"0\">Direcci\u00f3n estrat\u00e9gica<\/a>\n\t\t\t\t\t<\/div>\n\t\t\t\t\t<div id=\"elementor-tab-content-1041\" class=\"elementor-tab-content elementor-clearfix\" data-tab=\"1\" role=\"region\" aria-labelledby=\"elementor-tab-title-1041\"><p style=\"text-align:justify\";>Ser reconocidos a trav\u00e9s del tiempo como una organizaci\u00f3n de capacitaci\u00f3n comprometida con el mejoramiento continuo propio y de sus clientes. Feed Back Capacitaci\u00f3n desea posicionarse como una empresa de capacitaci\u00f3n cuyo sello diferenciador esta en el aprendizaje aplicado y no solo en una formaci\u00f3n te\u00f3rica, es decir aprender haciendo.<\/p><\/div>\n\t\t\t\t<\/div>\n\t\t\t\t\t\t\t\t<\/div>\n\t\t\t\t\t\t<\/div>\n\t\t\t\t<\/div>\n\t\t\t\t\t<\/div>\n\t\t<\/div>\n\t\t\t\t\t<\/div>\n\t\t<\/section>\n\t\t\t\t\t<\/div>\n\t\t<\/div>\n\t\t\t\t\t<\/div>\n\t\t<\/section>\n\t\t\t\t<\/div>\n\t\t","protected":false},"excerpt":{"rendered":"<p>Nuestra Empresa En el coraz\u00f3n de Feedback Capacitaciones reside una historia tejida con pasi\u00f3n por el aprendizaje y el crecimiento profesional. Todo comenz\u00f3 en [a\u00f1o de fundaci\u00f3n] cuando un grupo de educadores visionarios se unieron con un objetivo claro: transformar el panorama educativo, capacitando a individuos para que alcancen su m\u00e1ximo potencial. A lo largo [&hellip;]<\/p>\n","protected":false},"author":1,"featured_media":0,"parent":0,"menu_order":0,"comment_status":"closed","ping_status":"closed","template":"","meta":{"site-sidebar-layout":"no-sidebar","site-content-layout":"","ast-site-content-layout":"full-width-container","site-content-style":"default","site-sidebar-style":"default","ast-global-header-display":"","ast-banner-title-visibility":"","ast-main-header-display":"","ast-hfb-above-header-display":"","ast-hfb-below-header-display":"","ast-hfb-mobile-header-display":"","site-post-title":"disabled","ast-breadcrumbs-content":"","ast-featured-img":"disabled","footer-sml-layout":"","ast-disable-related-posts":"","theme-transparent-header-meta":"","adv-header-id-meta":"","stick-header-meta":"","header-above-stick-meta":"","header-main-stick-meta":"","header-below-stick-meta":"","astra-migrate-meta-layouts":"default","ast-page-background-enabled":"default","ast-page-background-meta":{"desktop":{"background-color":"var(--ast-global-color-4)","background-image":"","background-repeat":"repeat","background-position":"center center","background-size":"auto","background-attachment":"scroll","background-type":"","background-media":"","overlay-type":"","overlay-color":"","overlay-opacity":"","overlay-gradient":""},"tablet":{"background-color":"","background-image":"","background-repeat":"repeat","background-position":"center center","background-size":"auto","background-attachment":"scroll","background-type":"","background-media":"","overlay-type":"","overlay-color":"","overlay-opacity":"","overlay-gradient":""},"mobile":{"background-color":"","background-image":"","background-repeat":"repeat","background-position":"center center","background-size":"auto","background-attachment":"scroll","background-type":"","background-media":"","overlay-type":"","overlay-color":"","overlay-opacity":"","overlay-gradient":""}},"ast-content-background-meta":{"desktop":{"background-color":"var(--ast-global-color-5)","background-image":"","background-repeat":"repeat","background-position":"center center","background-size":"auto","background-attachment":"scroll","background-type":"","background-media":"","overlay-type":"","overlay-color":"","overlay-opacity":"","overlay-gradient":""},"tablet":{"background-color":"var(--ast-global-color-5)","background-image":"","background-repeat":"repeat","background-position":"center center","background-size":"auto","background-attachment":"scroll","background-type":"","background-media":"","overlay-type":"","overlay-color":"","overlay-opacity":"","overlay-gradient":""},"mobile":{"background-color":"var(--ast-global-color-5)","background-image":"","background-repeat":"repeat","background-position":"center center","background-size":"auto","background-attachment":"scroll","background-type":"","background-media":"","overlay-type":"","overlay-color":"","overlay-opacity":"","overlay-gradient":""}},"footnotes":""},"class_list":["post-196","page","type-page","status-publish","hentry"],"yoast_head":"<!-- This site is optimized with the Yoast SEO plugin v27.6 - https:\/\/yoast.com\/product\/yoast-seo-wordpress\/ -->\n<title>Empresa - Feedback Capacitaci\u00f3n<\/title>\n<meta name=\"robots\" content=\"index, follow, max-snippet:-1, max-image-preview:large, max-video-preview:-1\" \/>\n<link rel=\"canonical\" href=\"https:\/\/a.feedbackcapacitacion.cl\/?page_id=196\" \/>\n<meta property=\"og:locale\" content=\"es_ES\" \/>\n<meta property=\"og:type\" content=\"article\" \/>\n<meta property=\"og:title\" content=\"Empresa - Feedback Capacitaci\u00f3n\" \/>\n<meta property=\"og:description\" content=\"Nuestra Empresa En el coraz\u00f3n de Feedback Capacitaciones reside una historia tejida con pasi\u00f3n por el aprendizaje y el crecimiento profesional. Todo comenz\u00f3 en [a\u00f1o de fundaci\u00f3n] cuando un grupo de educadores visionarios se unieron con un objetivo claro: transformar el panorama educativo, capacitando a individuos para que alcancen su m\u00e1ximo potencial. A lo largo [&hellip;]\" \/>\n<meta property=\"og:url\" content=\"https:\/\/a.feedbackcapacitacion.cl\/?page_id=196\" \/>\n<meta property=\"og:site_name\" content=\"Feedback Capacitaci\u00f3n\" \/>\n<meta property=\"article:modified_time\" content=\"2023-11-14T16:21:52+00:00\" \/>\n<meta property=\"og:image\" content=\"https:\/\/a.feedbackcapacitacion.cl\/wp-content\/uploads\/2023\/11\/head-empresa.png\" \/>\n<meta name=\"twitter:card\" content=\"summary_large_image\" \/>\n<meta name=\"twitter:label1\" content=\"Tiempo de lectura\" \/>\n\t<meta name=\"twitter:data1\" content=\"2 minutos\" \/>\n<script type=\"application\/ld+json\" class=\"yoast-schema-graph\">{\"@context\":\"https:\\\/\\\/schema.org\",\"@graph\":[{\"@type\":\"WebPage\",\"@id\":\"https:\\\/\\\/a.feedbackcapacitacion.cl\\\/?page_id=196\",\"url\":\"https:\\\/\\\/a.feedbackcapacitacion.cl\\\/?page_id=196\",\"name\":\"Empresa - Feedback Capacitaci\u00f3n\",\"isPartOf\":{\"@id\":\"https:\\\/\\\/a.feedbackcapacitacion.cl\\\/#website\"},\"primaryImageOfPage\":{\"@id\":\"https:\\\/\\\/a.feedbackcapacitacion.cl\\\/?page_id=196#primaryimage\"},\"image\":{\"@id\":\"https:\\\/\\\/a.feedbackcapacitacion.cl\\\/?page_id=196#primaryimage\"},\"thumbnailUrl\":\"https:\\\/\\\/a.feedbackcapacitacion.cl\\\/wp-content\\\/uploads\\\/2023\\\/11\\\/head-empresa.png\",\"datePublished\":\"2023-11-14T12:13:26+00:00\",\"dateModified\":\"2023-11-14T16:21:52+00:00\",\"breadcrumb\":{\"@id\":\"https:\\\/\\\/a.feedbackcapacitacion.cl\\\/?page_id=196#breadcrumb\"},\"inLanguage\":\"es\",\"potentialAction\":[{\"@type\":\"ReadAction\",\"target\":[\"https:\\\/\\\/a.feedbackcapacitacion.cl\\\/?page_id=196\"]}]},{\"@type\":\"ImageObject\",\"inLanguage\":\"es\",\"@id\":\"https:\\\/\\\/a.feedbackcapacitacion.cl\\\/?page_id=196#primaryimage\",\"url\":\"https:\\\/\\\/a.feedbackcapacitacion.cl\\\/wp-content\\\/uploads\\\/2023\\\/11\\\/head-empresa.png\",\"contentUrl\":\"https:\\\/\\\/a.feedbackcapacitacion.cl\\\/wp-content\\\/uploads\\\/2023\\\/11\\\/head-empresa.png\"},{\"@type\":\"BreadcrumbList\",\"@id\":\"https:\\\/\\\/a.feedbackcapacitacion.cl\\\/?page_id=196#breadcrumb\",\"itemListElement\":[{\"@type\":\"ListItem\",\"position\":1,\"name\":\"Portada\",\"item\":\"https:\\\/\\\/feedbackcapacitacion.cl\\\/\"},{\"@type\":\"ListItem\",\"position\":2,\"name\":\"Empresa\"}]},{\"@type\":\"WebSite\",\"@id\":\"https:\\\/\\\/a.feedbackcapacitacion.cl\\\/#website\",\"url\":\"https:\\\/\\\/a.feedbackcapacitacion.cl\\\/\",\"name\":\"Feedback Capacitaci\u00f3n\",\"description\":\"Capacitaciones Integrales\",\"publisher\":{\"@id\":\"https:\\\/\\\/a.feedbackcapacitacion.cl\\\/#organization\"},\"potentialAction\":[{\"@type\":\"SearchAction\",\"target\":{\"@type\":\"EntryPoint\",\"urlTemplate\":\"https:\\\/\\\/a.feedbackcapacitacion.cl\\\/?s={search_term_string}\"},\"query-input\":{\"@type\":\"PropertyValueSpecification\",\"valueRequired\":true,\"valueName\":\"search_term_string\"}}],\"inLanguage\":\"es\"},{\"@type\":\"Organization\",\"@id\":\"https:\\\/\\\/a.feedbackcapacitacion.cl\\\/#organization\",\"name\":\"Feedback Capacitaci\u00f3n\",\"url\":\"https:\\\/\\\/a.feedbackcapacitacion.cl\\\/\",\"logo\":{\"@type\":\"ImageObject\",\"inLanguage\":\"es\",\"@id\":\"https:\\\/\\\/a.feedbackcapacitacion.cl\\\/#\\\/schema\\\/logo\\\/image\\\/\",\"url\":\"https:\\\/\\\/feedbackcapacitacion.cl\\\/wp-content\\\/uploads\\\/2023\\\/09\\\/cropped-Logo-Feedback.png\",\"contentUrl\":\"https:\\\/\\\/feedbackcapacitacion.cl\\\/wp-content\\\/uploads\\\/2023\\\/09\\\/cropped-Logo-Feedback.png\",\"width\":322,\"height\":88,\"caption\":\"Feedback Capacitaci\u00f3n\"},\"image\":{\"@id\":\"https:\\\/\\\/a.feedbackcapacitacion.cl\\\/#\\\/schema\\\/logo\\\/image\\\/\"}}]}<\/script>\n<!-- \/ Yoast SEO plugin. -->","yoast_head_json":{"title":"Empresa - Feedback Capacitaci\u00f3n","robots":{"index":"index","follow":"follow","max-snippet":"max-snippet:-1","max-image-preview":"max-image-preview:large","max-video-preview":"max-video-preview:-1"},"canonical":"https:\/\/a.feedbackcapacitacion.cl\/?page_id=196","og_locale":"es_ES","og_type":"article","og_title":"Empresa - Feedback Capacitaci\u00f3n","og_description":"Nuestra Empresa En el coraz\u00f3n de Feedback Capacitaciones reside una historia tejida con pasi\u00f3n por el aprendizaje y el crecimiento profesional. Todo comenz\u00f3 en [a\u00f1o de fundaci\u00f3n] cuando un grupo de educadores visionarios se unieron con un objetivo claro: transformar el panorama educativo, capacitando a individuos para que alcancen su m\u00e1ximo potencial. A lo largo [&hellip;]","og_url":"https:\/\/a.feedbackcapacitacion.cl\/?page_id=196","og_site_name":"Feedback Capacitaci\u00f3n","article_modified_time":"2023-11-14T16:21:52+00:00","og_image":[{"url":"https:\/\/a.feedbackcapacitacion.cl\/wp-content\/uploads\/2023\/11\/head-empresa.png","type":"","width":"","height":""}],"twitter_card":"summary_large_image","twitter_misc":{"Tiempo de lectura":"2 minutos"},"schema":{"@context":"https:\/\/schema.org","@graph":[{"@type":"WebPage","@id":"https:\/\/a.feedbackcapacitacion.cl\/?page_id=196","url":"https:\/\/a.feedbackcapacitacion.cl\/?page_id=196","name":"Empresa - Feedback Capacitaci\u00f3n","isPartOf":{"@id":"https:\/\/a.feedbackcapacitacion.cl\/#website"},"primaryImageOfPage":{"@id":"https:\/\/a.feedbackcapacitacion.cl\/?page_id=196#primaryimage"},"image":{"@id":"https:\/\/a.feedbackcapacitacion.cl\/?page_id=196#primaryimage"},"thumbnailUrl":"https:\/\/a.feedbackcapacitacion.cl\/wp-content\/uploads\/2023\/11\/head-empresa.png","datePublished":"2023-11-14T12:13:26+00:00","dateModified":"2023-11-14T16:21:52+00:00","breadcrumb":{"@id":"https:\/\/a.feedbackcapacitacion.cl\/?page_id=196#breadcrumb"},"inLanguage":"es","potentialAction":[{"@type":"ReadAction","target":["https:\/\/a.feedbackcapacitacion.cl\/?page_id=196"]}]},{"@type":"ImageObject","inLanguage":"es","@id":"https:\/\/a.feedbackcapacitacion.cl\/?page_id=196#primaryimage","url":"https:\/\/a.feedbackcapacitacion.cl\/wp-content\/uploads\/2023\/11\/head-empresa.png","contentUrl":"https:\/\/a.feedbackcapacitacion.cl\/wp-content\/uploads\/2023\/11\/head-empresa.png"},{"@type":"BreadcrumbList","@id":"https:\/\/a.feedbackcapacitacion.cl\/?page_id=196#breadcrumb","itemListElement":[{"@type":"ListItem","position":1,"name":"Portada","item":"https:\/\/feedbackcapacitacion.cl\/"},{"@type":"ListItem","position":2,"name":"Empresa"}]},{"@type":"WebSite","@id":"https:\/\/a.feedbackcapacitacion.cl\/#website","url":"https:\/\/a.feedbackcapacitacion.cl\/","name":"Feedback Capacitaci\u00f3n","description":"Capacitaciones Integrales","publisher":{"@id":"https:\/\/a.feedbackcapacitacion.cl\/#organization"},"potentialAction":[{"@type":"SearchAction","target":{"@type":"EntryPoint","urlTemplate":"https:\/\/a.feedbackcapacitacion.cl\/?s={search_term_string}"},"query-input":{"@type":"PropertyValueSpecification","valueRequired":true,"valueName":"search_term_string"}}],"inLanguage":"es"},{"@type":"Organization","@id":"https:\/\/a.feedbackcapacitacion.cl\/#organization","name":"Feedback Capacitaci\u00f3n","url":"https:\/\/a.feedbackcapacitacion.cl\/","logo":{"@type":"ImageObject","inLanguage":"es","@id":"https:\/\/a.feedbackcapacitacion.cl\/#\/schema\/logo\/image\/","url":"https:\/\/feedbackcapacitacion.cl\/wp-content\/uploads\/2023\/09\/cropped-Logo-Feedback.png","contentUrl":"https:\/\/feedbackcapacitacion.cl\/wp-content\/uploads\/2023\/09\/cropped-Logo-Feedback.png","width":322,"height":88,"caption":"Feedback Capacitaci\u00f3n"},"image":{"@id":"https:\/\/a.feedbackcapacitacion.cl\/#\/schema\/logo\/image\/"}}]}},"_links":{"self":[{"href":"https:\/\/feedbackcapacitacion.cl\/index.php?rest_route=\/wp\/v2\/pages\/196","targetHints":{"allow":["GET"]}}],"collection":[{"href":"https:\/\/feedbackcapacitacion.cl\/index.php?rest_route=\/wp\/v2\/pages"}],"about":[{"href":"https:\/\/feedbackcapacitacion.cl\/index.php?rest_route=\/wp\/v2\/types\/page"}],"author":[{"embeddable":true,"href":"https:\/\/feedbackcapacitacion.cl\/index.php?rest_route=\/wp\/v2\/users\/1"}],"replies":[{"embeddable":true,"href":"https:\/\/feedbackcapacitacion.cl\/index.php?rest_route=%2Fwp%2Fv2%2Fcomments&post=196"}],"version-history":[{"count":35,"href":"https:\/\/feedbackcapacitacion.cl\/index.php?rest_route=\/wp\/v2\/pages\/196\/revisions"}],"predecessor-version":[{"id":260,"href":"https:\/\/feedbackcapacitacion.cl\/index.php?rest_route=\/wp\/v2\/pages\/196\/revisions\/260"}],"wp:attachment":[{"href":"https:\/\/feedbackcapacitacion.cl\/index.php?rest_route=%2Fwp%2Fv2%2Fmedia&parent=196"}],"curies":[{"name":"wp","href":"https:\/\/api.w.org\/{rel}","templated":true}]}}