{"id":236,"date":"2023-11-14T16:04:45","date_gmt":"2023-11-14T16:04:45","guid":{"rendered":"https:\/\/a.feedbackcapacitacion.cl\/?page_id=236"},"modified":"2023-11-14T16:10:21","modified_gmt":"2023-11-14T16:10:21","slug":"politica-de-calidad","status":"publish","type":"page","link":"https:\/\/feedbackcapacitacion.cl\/?page_id=236","title":{"rendered":"Pol\u00edtica de Calidad"},"content":{"rendered":"\t\t<div data-elementor-type=\"wp-page\" data-elementor-id=\"236\" class=\"elementor elementor-236\">\n\t\t\t\t\t\t<section class=\"elementor-section elementor-top-section elementor-element elementor-element-iuq5ok4 elementor-section-boxed elementor-section-height-default elementor-section-height-default\" data-id=\"iuq5ok4\" data-element_type=\"section\" data-e-type=\"section\" data-settings=\"{&quot;background_background&quot;:&quot;classic&quot;}\">\n\t\t\t\t\t\t<div class=\"elementor-container elementor-column-gap-no\">\n\t\t\t\t\t<div class=\"elementor-column elementor-col-100 elementor-top-column elementor-element elementor-element-85aee06\" data-id=\"85aee06\" data-element_type=\"column\" data-e-type=\"column\">\n\t\t\t<div class=\"elementor-widget-wrap elementor-element-populated\">\n\t\t\t\t\t\t<div class=\"elementor-element elementor-element-5460253 elementor-widget elementor-widget-image\" data-id=\"5460253\" data-element_type=\"widget\" data-e-type=\"widget\" data-widget_type=\"image.default\">\n\t\t\t\t<div class=\"elementor-widget-container\">\n\t\t\t\t\t\t\t\t\t\t\t\t\t\t\t<img fetchpriority=\"high\" decoding=\"async\" width=\"912\" height=\"154\" src=\"https:\/\/feedbackcapacitacion.cl\/wp-content\/uploads\/2023\/11\/head-politica.png\" class=\"attachment-large size-large wp-image-243\" alt=\"\" srcset=\"https:\/\/feedbackcapacitacion.cl\/wp-content\/uploads\/2023\/11\/head-politica.png 912w, https:\/\/feedbackcapacitacion.cl\/wp-content\/uploads\/2023\/11\/head-politica-300x51.png 300w, https:\/\/feedbackcapacitacion.cl\/wp-content\/uploads\/2023\/11\/head-politica-768x130.png 768w\" sizes=\"(max-width: 912px) 100vw, 912px\" \/>\t\t\t\t\t\t\t\t\t\t\t\t\t\t\t<\/div>\n\t\t\t\t<\/div>\n\t\t\t\t\t<\/div>\n\t\t<\/div>\n\t\t\t\t\t<\/div>\n\t\t<\/section>\n\t\t\t\t<section class=\"elementor-section elementor-top-section elementor-element elementor-element-l5pavy1 elementor-section-boxed elementor-section-height-default elementor-section-height-default\" data-id=\"l5pavy1\" data-element_type=\"section\" data-e-type=\"section\" data-settings=\"{&quot;background_background&quot;:&quot;classic&quot;}\">\n\t\t\t\t\t\t<div class=\"elementor-container elementor-column-gap-no\">\n\t\t\t\t\t<div class=\"elementor-column elementor-col-100 elementor-top-column elementor-element elementor-element-2c29ea0\" data-id=\"2c29ea0\" data-element_type=\"column\" data-e-type=\"column\">\n\t\t\t<div class=\"elementor-widget-wrap elementor-element-populated\">\n\t\t\t\t\t\t<div class=\"elementor-element elementor-element-ccb321e elementor-widget__width-inherit elementor-widget-mobile__width-inherit elementor-widget elementor-widget-heading\" data-id=\"ccb321e\" data-element_type=\"widget\" data-e-type=\"widget\" data-widget_type=\"heading.default\">\n\t\t\t\t<div class=\"elementor-widget-container\">\n\t\t\t\t\t<h6 class=\"elementor-heading-title elementor-size-default\">En Feedback nos comprometemos con la calidad<\/h6>\t\t\t\t<\/div>\n\t\t\t\t<\/div>\n\t\t\t\t<div class=\"elementor-element elementor-element-2518153 elementor-widget elementor-widget-heading\" data-id=\"2518153\" data-element_type=\"widget\" data-e-type=\"widget\" data-widget_type=\"heading.default\">\n\t\t\t\t<div class=\"elementor-widget-container\">\n\t\t\t\t\t<h2 class=\"elementor-heading-title elementor-size-default\">Declaraci\u00f3n de Compromiso<\/h2>\t\t\t\t<\/div>\n\t\t\t\t<\/div>\n\t\t\t\t<div class=\"elementor-element elementor-element-f85b75f elementor-widget-mobile__width-inherit elementor-widget-divider--view-line elementor-widget elementor-widget-divider\" data-id=\"f85b75f\" data-element_type=\"widget\" data-e-type=\"widget\" data-widget_type=\"divider.default\">\n\t\t\t\t<div class=\"elementor-widget-container\">\n\t\t\t\t\t\t\t<div class=\"elementor-divider\">\n\t\t\t<span class=\"elementor-divider-separator\">\n\t\t\t\t\t\t<\/span>\n\t\t<\/div>\n\t\t\t\t\t\t<\/div>\n\t\t\t\t<\/div>\n\t\t\t\t<div class=\"elementor-element elementor-element-f30c81c elementor-widget__width-initial elementor-widget-mobile__width-inherit elementor-widget elementor-widget-text-editor\" data-id=\"f30c81c\" data-element_type=\"widget\" data-e-type=\"widget\" data-widget_type=\"text-editor.default\">\n\t\t\t\t<div class=\"elementor-widget-container\">\n\t\t\t\t\t\t\t\t\t<p style=\"text-align:justify;\">Feed Back Chile capacitaci\u00f3n honrando el compromiso por la b\u00fasqueda\u00a0 permanente de la satisfacci\u00f3n del cliente y la mejora continua adopta, declara y asume como pol\u00edtica de calidad:\t\t\t\t\t\t\t\t<\/div>\n\t\t\t\t<\/div>\n\t\t\t\t\t<\/div>\n\t\t<\/div>\n\t\t\t\t\t<\/div>\n\t\t<\/section>\n\t\t\t\t<section class=\"elementor-section elementor-top-section elementor-element elementor-element-38d2844b elementor-section-content-middle elementor-section-boxed elementor-section-height-default elementor-section-height-default\" data-id=\"38d2844b\" data-element_type=\"section\" data-e-type=\"section\">\n\t\t\t\t\t\t<div class=\"elementor-container elementor-column-gap-no\">\n\t\t\t\t\t<div class=\"elementor-column elementor-col-100 elementor-top-column elementor-element elementor-element-648ae998\" data-id=\"648ae998\" data-element_type=\"column\" data-e-type=\"column\">\n\t\t\t<div class=\"elementor-widget-wrap elementor-element-populated\">\n\t\t\t\t\t\t<section class=\"elementor-section elementor-inner-section elementor-element elementor-element-393db614 elementor-section-boxed elementor-section-height-default elementor-section-height-default\" data-id=\"393db614\" data-element_type=\"section\" data-e-type=\"section\">\n\t\t\t\t\t\t<div class=\"elementor-container elementor-column-gap-wider\">\n\t\t\t\t\t<div class=\"elementor-column elementor-col-33 elementor-inner-column elementor-element elementor-element-6e0d1b0e\" data-id=\"6e0d1b0e\" data-element_type=\"column\" data-e-type=\"column\">\n\t\t\t<div class=\"elementor-widget-wrap elementor-element-populated\">\n\t\t\t\t\t\t<div class=\"elementor-element elementor-element-3122988a elementor-widget elementor-widget-text-editor\" data-id=\"3122988a\" data-element_type=\"widget\" data-e-type=\"widget\" data-widget_type=\"text-editor.default\">\n\t\t\t\t<div class=\"elementor-widget-container\">\n\t\t\t\t\t\t\t\t\t<p>Su riguroso cumplimiento legal y reglamentario que el \u00e1mbito de la capacitaci\u00f3n tanto al sector privado como p\u00fablico<\/p>\t\t\t\t\t\t\t\t<\/div>\n\t\t\t\t<\/div>\n\t\t\t\t\t<\/div>\n\t\t<\/div>\n\t\t\t\t<div class=\"elementor-column elementor-col-33 elementor-inner-column elementor-element elementor-element-466a4207\" data-id=\"466a4207\" data-element_type=\"column\" data-e-type=\"column\">\n\t\t\t<div class=\"elementor-widget-wrap elementor-element-populated\">\n\t\t\t\t\t\t<div class=\"elementor-element elementor-element-5dcc6838 elementor-widget elementor-widget-text-editor\" data-id=\"5dcc6838\" data-element_type=\"widget\" data-e-type=\"widget\" data-widget_type=\"text-editor.default\">\n\t\t\t\t<div class=\"elementor-widget-container\">\n\t\t\t\t\t\t\t\t\t<p>Contar con un equipo de relatores altamente competentes, con distinguida formaci\u00f3n acad\u00e9mica y reconocida experiencia en el \u00e1mbito de la gesti\u00f3n empresarial<\/p>\t\t\t\t\t\t\t\t<\/div>\n\t\t\t\t<\/div>\n\t\t\t\t\t<\/div>\n\t\t<\/div>\n\t\t\t\t<div class=\"elementor-column elementor-col-33 elementor-inner-column elementor-element elementor-element-197f761c\" data-id=\"197f761c\" data-element_type=\"column\" data-e-type=\"column\">\n\t\t\t<div class=\"elementor-widget-wrap elementor-element-populated\">\n\t\t\t\t\t\t<div class=\"elementor-element elementor-element-39da6215 elementor-widget elementor-widget-text-editor\" data-id=\"39da6215\" data-element_type=\"widget\" data-e-type=\"widget\" data-widget_type=\"text-editor.default\">\n\t\t\t\t<div class=\"elementor-widget-container\">\n\t\t\t\t\t\t\t\t\t<p>Entregar los recursos necesarios para la mejora continua de nuestros procesos.<\/p>\t\t\t\t\t\t\t\t<\/div>\n\t\t\t\t<\/div>\n\t\t\t\t\t<\/div>\n\t\t<\/div>\n\t\t\t\t\t<\/div>\n\t\t<\/section>\n\t\t\t\t<section class=\"elementor-section elementor-inner-section elementor-element elementor-element-6d8f8a84 elementor-section-boxed elementor-section-height-default elementor-section-height-default\" data-id=\"6d8f8a84\" data-element_type=\"section\" data-e-type=\"section\">\n\t\t\t\t\t\t<div class=\"elementor-container elementor-column-gap-wider\">\n\t\t\t\t\t<div class=\"elementor-column elementor-col-33 elementor-inner-column elementor-element elementor-element-1cfbe866\" data-id=\"1cfbe866\" data-element_type=\"column\" data-e-type=\"column\">\n\t\t\t<div class=\"elementor-widget-wrap elementor-element-populated\">\n\t\t\t\t\t\t<div class=\"elementor-element elementor-element-274497b1 elementor-widget elementor-widget-text-editor\" data-id=\"274497b1\" data-element_type=\"widget\" data-e-type=\"widget\" data-widget_type=\"text-editor.default\">\n\t\t\t\t<div class=\"elementor-widget-container\">\n\t\t\t\t\t\t\t\t\t<p>Capacitar constantemente a nuestro personal para entregar un mejor servicio a los clientes<\/p><p>\u00a0<\/p>\t\t\t\t\t\t\t\t<\/div>\n\t\t\t\t<\/div>\n\t\t\t\t\t<\/div>\n\t\t<\/div>\n\t\t\t\t<div class=\"elementor-column elementor-col-33 elementor-inner-column elementor-element elementor-element-1dbad3ce\" data-id=\"1dbad3ce\" data-element_type=\"column\" data-e-type=\"column\">\n\t\t\t<div class=\"elementor-widget-wrap elementor-element-populated\">\n\t\t\t\t\t\t<div class=\"elementor-element elementor-element-2b612a2b elementor-widget elementor-widget-text-editor\" data-id=\"2b612a2b\" data-element_type=\"widget\" data-e-type=\"widget\" data-widget_type=\"text-editor.default\">\n\t\t\t\t<div class=\"elementor-widget-container\">\n\t\t\t\t\t\t\t\t\t<p>Proveer a nuestros clientes de personal altamente competente con el prop\u00f3sito de prestar asesor\u00eda en gesti\u00f3n de procedimientos eficiente y efectiva.<\/p>\t\t\t\t\t\t\t\t<\/div>\n\t\t\t\t<\/div>\n\t\t\t\t\t<\/div>\n\t\t<\/div>\n\t\t\t\t<div class=\"elementor-column elementor-col-33 elementor-inner-column elementor-element elementor-element-4b0ab561\" data-id=\"4b0ab561\" data-element_type=\"column\" data-e-type=\"column\">\n\t\t\t<div class=\"elementor-widget-wrap elementor-element-populated\">\n\t\t\t\t\t\t<div class=\"elementor-element elementor-element-5b738b78 elementor-widget elementor-widget-text-editor\" data-id=\"5b738b78\" data-element_type=\"widget\" data-e-type=\"widget\" data-widget_type=\"text-editor.default\">\n\t\t\t\t<div class=\"elementor-widget-container\">\n\t\t\t\t\t\t\t\t\t<p>Proveer a nuestros clientes de infraestructura, tecnolog\u00eda, materiales e implementaci\u00f3n que faciliten el logro de los objetivos de propuestos.<\/p>\t\t\t\t\t\t\t\t<\/div>\n\t\t\t\t<\/div>\n\t\t\t\t\t<\/div>\n\t\t<\/div>\n\t\t\t\t\t<\/div>\n\t\t<\/section>\n\t\t\t\t<section class=\"elementor-section elementor-inner-section elementor-element elementor-element-7c329ed elementor-section-boxed elementor-section-height-default elementor-section-height-default\" data-id=\"7c329ed\" data-element_type=\"section\" data-e-type=\"section\">\n\t\t\t\t\t\t<div class=\"elementor-container elementor-column-gap-wider\">\n\t\t\t\t\t<div class=\"elementor-column elementor-col-100 elementor-inner-column elementor-element elementor-element-61a21cb\" data-id=\"61a21cb\" data-element_type=\"column\" data-e-type=\"column\">\n\t\t\t<div class=\"elementor-widget-wrap elementor-element-populated\">\n\t\t\t\t\t\t<div class=\"elementor-element elementor-element-6883dae elementor-widget elementor-widget-text-editor\" data-id=\"6883dae\" data-element_type=\"widget\" data-e-type=\"widget\" data-widget_type=\"text-editor.default\">\n\t\t\t\t<div class=\"elementor-widget-container\">\n\t\t\t\t\t\t\t\t\t<p>Crear y aplicar mecanismos de evaluaci\u00f3n objetivos que permitan a Feed Back, Chile Capacitaci\u00f3n tomar decisiones basadas en hechos objetivos que permitan perfeccionar permanentemente los proceso con el prop\u00f3sito entregar mayor satisfacci\u00f3n de nuestros clientes.<\/p>\t\t\t\t\t\t\t\t<\/div>\n\t\t\t\t<\/div>\n\t\t\t\t\t<\/div>\n\t\t<\/div>\n\t\t\t\t\t<\/div>\n\t\t<\/section>\n\t\t\t\t\t<\/div>\n\t\t<\/div>\n\t\t\t\t\t<\/div>\n\t\t<\/section>\n\t\t\t\t<section class=\"elementor-section elementor-top-section elementor-element elementor-element-aecd5a1 elementor-section-full_width elementor-section-stretched elementor-section-height-default elementor-section-height-default\" data-id=\"aecd5a1\" data-element_type=\"section\" data-e-type=\"section\" data-settings=\"{&quot;stretch_section&quot;:&quot;section-stretched&quot;,&quot;background_background&quot;:&quot;classic&quot;}\">\n\t\t\t\t\t\t<div class=\"elementor-container elementor-column-gap-default\">\n\t\t\t\t\t<div class=\"elementor-column elementor-col-100 elementor-top-column elementor-element elementor-element-c2768de\" data-id=\"c2768de\" data-element_type=\"column\" data-e-type=\"column\">\n\t\t\t<div class=\"elementor-widget-wrap elementor-element-populated\">\n\t\t\t\t\t\t<div class=\"elementor-element elementor-element-310edeb elementor-widget__width-initial elementor-widget-mobile__width-inherit elementor-widget elementor-widget-text-editor\" data-id=\"310edeb\" data-element_type=\"widget\" data-e-type=\"widget\" data-widget_type=\"text-editor.default\">\n\t\t\t\t<div class=\"elementor-widget-container\">\n\t\t\t\t\t\t\t\t\t<p>Feed Back capacitaci\u00f3n ratifica su compromiso con la excelencia en el servicio y por la b\u00fasqueda permanente por maximizar la satisfacci\u00f3n de las necesidades, gustos y expectativas de sus clientes.<\/p>\t\t\t\t\t\t\t\t<\/div>\n\t\t\t\t<\/div>\n\t\t\t\t\t<\/div>\n\t\t<\/div>\n\t\t\t\t\t<\/div>\n\t\t<\/section>\n\t\t\t\t<\/div>\n\t\t","protected":false},"excerpt":{"rendered":"<p>En Feedback nos comprometemos con la calidad Declaraci\u00f3n de Compromiso Feed Back Chile capacitaci\u00f3n honrando el compromiso por la b\u00fasqueda\u00a0 permanente de la satisfacci\u00f3n del cliente y la mejora continua adopta, declara y asume como pol\u00edtica de calidad: Su riguroso cumplimiento legal y reglamentario que el \u00e1mbito de la capacitaci\u00f3n tanto al sector privado como [&hellip;]<\/p>\n","protected":false},"author":1,"featured_media":0,"parent":0,"menu_order":0,"comment_status":"closed","ping_status":"closed","template":"","meta":{"site-sidebar-layout":"no-sidebar","site-content-layout":"","ast-site-content-layout":"full-width-container","site-content-style":"default","site-sidebar-style":"default","ast-global-header-display":"","ast-banner-title-visibility":"","ast-main-header-display":"","ast-hfb-above-header-display":"","ast-hfb-below-header-display":"","ast-hfb-mobile-header-display":"","site-post-title":"disabled","ast-breadcrumbs-content":"","ast-featured-img":"disabled","footer-sml-layout":"","ast-disable-related-posts":"","theme-transparent-header-meta":"","adv-header-id-meta":"","stick-header-meta":"","header-above-stick-meta":"","header-main-stick-meta":"","header-below-stick-meta":"","astra-migrate-meta-layouts":"default","ast-page-background-enabled":"default","ast-page-background-meta":{"desktop":{"background-color":"var(--ast-global-color-4)","background-image":"","background-repeat":"repeat","background-position":"center center","background-size":"auto","background-attachment":"scroll","background-type":"","background-media":"","overlay-type":"","overlay-color":"","overlay-opacity":"","overlay-gradient":""},"tablet":{"background-color":"","background-image":"","background-repeat":"repeat","background-position":"center center","background-size":"auto","background-attachment":"scroll","background-type":"","background-media":"","overlay-type":"","overlay-color":"","overlay-opacity":"","overlay-gradient":""},"mobile":{"background-color":"","background-image":"","background-repeat":"repeat","background-position":"center center","background-size":"auto","background-attachment":"scroll","background-type":"","background-media":"","overlay-type":"","overlay-color":"","overlay-opacity":"","overlay-gradient":""}},"ast-content-background-meta":{"desktop":{"background-color":"var(--ast-global-color-5)","background-image":"","background-repeat":"repeat","background-position":"center center","background-size":"auto","background-attachment":"scroll","background-type":"","background-media":"","overlay-type":"","overlay-color":"","overlay-opacity":"","overlay-gradient":""},"tablet":{"background-color":"var(--ast-global-color-5)","background-image":"","background-repeat":"repeat","background-position":"center center","background-size":"auto","background-attachment":"scroll","background-type":"","background-media":"","overlay-type":"","overlay-color":"","overlay-opacity":"","overlay-gradient":""},"mobile":{"background-color":"var(--ast-global-color-5)","background-image":"","background-repeat":"repeat","background-position":"center center","background-size":"auto","background-attachment":"scroll","background-type":"","background-media":"","overlay-type":"","overlay-color":"","overlay-opacity":"","overlay-gradient":""}},"footnotes":""},"class_list":["post-236","page","type-page","status-publish","hentry"],"yoast_head":"<!-- This site is optimized with the Yoast SEO plugin v27.6 - https:\/\/yoast.com\/product\/yoast-seo-wordpress\/ -->\n<title>Pol\u00edtica de Calidad - Feedback Capacitaci\u00f3n<\/title>\n<meta name=\"robots\" content=\"index, follow, max-snippet:-1, max-image-preview:large, max-video-preview:-1\" \/>\n<link rel=\"canonical\" href=\"https:\/\/a.feedbackcapacitacion.cl\/?page_id=236\" \/>\n<meta property=\"og:locale\" content=\"es_ES\" \/>\n<meta property=\"og:type\" content=\"article\" \/>\n<meta property=\"og:title\" content=\"Pol\u00edtica de Calidad - Feedback Capacitaci\u00f3n\" \/>\n<meta property=\"og:description\" content=\"En Feedback nos comprometemos con la calidad Declaraci\u00f3n de Compromiso Feed Back Chile capacitaci\u00f3n honrando el compromiso por la b\u00fasqueda\u00a0 permanente de la satisfacci\u00f3n del cliente y la mejora continua adopta, declara y asume como pol\u00edtica de calidad: Su riguroso cumplimiento legal y reglamentario que el \u00e1mbito de la capacitaci\u00f3n tanto al sector privado como [&hellip;]\" \/>\n<meta property=\"og:url\" content=\"https:\/\/a.feedbackcapacitacion.cl\/?page_id=236\" \/>\n<meta property=\"og:site_name\" content=\"Feedback Capacitaci\u00f3n\" \/>\n<meta property=\"article:modified_time\" content=\"2023-11-14T16:10:21+00:00\" \/>\n<meta property=\"og:image\" content=\"https:\/\/a.feedbackcapacitacion.cl\/wp-content\/uploads\/2023\/11\/head-politica.png\" \/>\n<meta name=\"twitter:card\" content=\"summary_large_image\" \/>\n<meta name=\"twitter:label1\" content=\"Tiempo de lectura\" \/>\n\t<meta name=\"twitter:data1\" content=\"2 minutos\" \/>\n<script type=\"application\/ld+json\" class=\"yoast-schema-graph\">{\"@context\":\"https:\\\/\\\/schema.org\",\"@graph\":[{\"@type\":\"WebPage\",\"@id\":\"https:\\\/\\\/a.feedbackcapacitacion.cl\\\/?page_id=236\",\"url\":\"https:\\\/\\\/a.feedbackcapacitacion.cl\\\/?page_id=236\",\"name\":\"Pol\u00edtica de Calidad - Feedback Capacitaci\u00f3n\",\"isPartOf\":{\"@id\":\"https:\\\/\\\/a.feedbackcapacitacion.cl\\\/#website\"},\"primaryImageOfPage\":{\"@id\":\"https:\\\/\\\/a.feedbackcapacitacion.cl\\\/?page_id=236#primaryimage\"},\"image\":{\"@id\":\"https:\\\/\\\/a.feedbackcapacitacion.cl\\\/?page_id=236#primaryimage\"},\"thumbnailUrl\":\"https:\\\/\\\/a.feedbackcapacitacion.cl\\\/wp-content\\\/uploads\\\/2023\\\/11\\\/head-politica.png\",\"datePublished\":\"2023-11-14T16:04:45+00:00\",\"dateModified\":\"2023-11-14T16:10:21+00:00\",\"breadcrumb\":{\"@id\":\"https:\\\/\\\/a.feedbackcapacitacion.cl\\\/?page_id=236#breadcrumb\"},\"inLanguage\":\"es\",\"potentialAction\":[{\"@type\":\"ReadAction\",\"target\":[\"https:\\\/\\\/a.feedbackcapacitacion.cl\\\/?page_id=236\"]}]},{\"@type\":\"ImageObject\",\"inLanguage\":\"es\",\"@id\":\"https:\\\/\\\/a.feedbackcapacitacion.cl\\\/?page_id=236#primaryimage\",\"url\":\"https:\\\/\\\/a.feedbackcapacitacion.cl\\\/wp-content\\\/uploads\\\/2023\\\/11\\\/head-politica.png\",\"contentUrl\":\"https:\\\/\\\/a.feedbackcapacitacion.cl\\\/wp-content\\\/uploads\\\/2023\\\/11\\\/head-politica.png\"},{\"@type\":\"BreadcrumbList\",\"@id\":\"https:\\\/\\\/a.feedbackcapacitacion.cl\\\/?page_id=236#breadcrumb\",\"itemListElement\":[{\"@type\":\"ListItem\",\"position\":1,\"name\":\"Portada\",\"item\":\"https:\\\/\\\/feedbackcapacitacion.cl\\\/\"},{\"@type\":\"ListItem\",\"position\":2,\"name\":\"Pol\u00edtica de Calidad\"}]},{\"@type\":\"WebSite\",\"@id\":\"https:\\\/\\\/a.feedbackcapacitacion.cl\\\/#website\",\"url\":\"https:\\\/\\\/a.feedbackcapacitacion.cl\\\/\",\"name\":\"Feedback Capacitaci\u00f3n\",\"description\":\"Capacitaciones Integrales\",\"publisher\":{\"@id\":\"https:\\\/\\\/a.feedbackcapacitacion.cl\\\/#organization\"},\"potentialAction\":[{\"@type\":\"SearchAction\",\"target\":{\"@type\":\"EntryPoint\",\"urlTemplate\":\"https:\\\/\\\/a.feedbackcapacitacion.cl\\\/?s={search_term_string}\"},\"query-input\":{\"@type\":\"PropertyValueSpecification\",\"valueRequired\":true,\"valueName\":\"search_term_string\"}}],\"inLanguage\":\"es\"},{\"@type\":\"Organization\",\"@id\":\"https:\\\/\\\/a.feedbackcapacitacion.cl\\\/#organization\",\"name\":\"Feedback Capacitaci\u00f3n\",\"url\":\"https:\\\/\\\/a.feedbackcapacitacion.cl\\\/\",\"logo\":{\"@type\":\"ImageObject\",\"inLanguage\":\"es\",\"@id\":\"https:\\\/\\\/a.feedbackcapacitacion.cl\\\/#\\\/schema\\\/logo\\\/image\\\/\",\"url\":\"https:\\\/\\\/feedbackcapacitacion.cl\\\/wp-content\\\/uploads\\\/2023\\\/09\\\/cropped-Logo-Feedback.png\",\"contentUrl\":\"https:\\\/\\\/feedbackcapacitacion.cl\\\/wp-content\\\/uploads\\\/2023\\\/09\\\/cropped-Logo-Feedback.png\",\"width\":322,\"height\":88,\"caption\":\"Feedback Capacitaci\u00f3n\"},\"image\":{\"@id\":\"https:\\\/\\\/a.feedbackcapacitacion.cl\\\/#\\\/schema\\\/logo\\\/image\\\/\"}}]}<\/script>\n<!-- \/ Yoast SEO plugin. -->","yoast_head_json":{"title":"Pol\u00edtica de Calidad - Feedback Capacitaci\u00f3n","robots":{"index":"index","follow":"follow","max-snippet":"max-snippet:-1","max-image-preview":"max-image-preview:large","max-video-preview":"max-video-preview:-1"},"canonical":"https:\/\/a.feedbackcapacitacion.cl\/?page_id=236","og_locale":"es_ES","og_type":"article","og_title":"Pol\u00edtica de Calidad - Feedback Capacitaci\u00f3n","og_description":"En Feedback nos comprometemos con la calidad Declaraci\u00f3n de Compromiso Feed Back Chile capacitaci\u00f3n honrando el compromiso por la b\u00fasqueda\u00a0 permanente de la satisfacci\u00f3n del cliente y la mejora continua adopta, declara y asume como pol\u00edtica de calidad: Su riguroso cumplimiento legal y reglamentario que el \u00e1mbito de la capacitaci\u00f3n tanto al sector privado como [&hellip;]","og_url":"https:\/\/a.feedbackcapacitacion.cl\/?page_id=236","og_site_name":"Feedback Capacitaci\u00f3n","article_modified_time":"2023-11-14T16:10:21+00:00","og_image":[{"url":"https:\/\/a.feedbackcapacitacion.cl\/wp-content\/uploads\/2023\/11\/head-politica.png","type":"","width":"","height":""}],"twitter_card":"summary_large_image","twitter_misc":{"Tiempo de lectura":"2 minutos"},"schema":{"@context":"https:\/\/schema.org","@graph":[{"@type":"WebPage","@id":"https:\/\/a.feedbackcapacitacion.cl\/?page_id=236","url":"https:\/\/a.feedbackcapacitacion.cl\/?page_id=236","name":"Pol\u00edtica de Calidad - Feedback Capacitaci\u00f3n","isPartOf":{"@id":"https:\/\/a.feedbackcapacitacion.cl\/#website"},"primaryImageOfPage":{"@id":"https:\/\/a.feedbackcapacitacion.cl\/?page_id=236#primaryimage"},"image":{"@id":"https:\/\/a.feedbackcapacitacion.cl\/?page_id=236#primaryimage"},"thumbnailUrl":"https:\/\/a.feedbackcapacitacion.cl\/wp-content\/uploads\/2023\/11\/head-politica.png","datePublished":"2023-11-14T16:04:45+00:00","dateModified":"2023-11-14T16:10:21+00:00","breadcrumb":{"@id":"https:\/\/a.feedbackcapacitacion.cl\/?page_id=236#breadcrumb"},"inLanguage":"es","potentialAction":[{"@type":"ReadAction","target":["https:\/\/a.feedbackcapacitacion.cl\/?page_id=236"]}]},{"@type":"ImageObject","inLanguage":"es","@id":"https:\/\/a.feedbackcapacitacion.cl\/?page_id=236#primaryimage","url":"https:\/\/a.feedbackcapacitacion.cl\/wp-content\/uploads\/2023\/11\/head-politica.png","contentUrl":"https:\/\/a.feedbackcapacitacion.cl\/wp-content\/uploads\/2023\/11\/head-politica.png"},{"@type":"BreadcrumbList","@id":"https:\/\/a.feedbackcapacitacion.cl\/?page_id=236#breadcrumb","itemListElement":[{"@type":"ListItem","position":1,"name":"Portada","item":"https:\/\/feedbackcapacitacion.cl\/"},{"@type":"ListItem","position":2,"name":"Pol\u00edtica de Calidad"}]},{"@type":"WebSite","@id":"https:\/\/a.feedbackcapacitacion.cl\/#website","url":"https:\/\/a.feedbackcapacitacion.cl\/","name":"Feedback Capacitaci\u00f3n","description":"Capacitaciones Integrales","publisher":{"@id":"https:\/\/a.feedbackcapacitacion.cl\/#organization"},"potentialAction":[{"@type":"SearchAction","target":{"@type":"EntryPoint","urlTemplate":"https:\/\/a.feedbackcapacitacion.cl\/?s={search_term_string}"},"query-input":{"@type":"PropertyValueSpecification","valueRequired":true,"valueName":"search_term_string"}}],"inLanguage":"es"},{"@type":"Organization","@id":"https:\/\/a.feedbackcapacitacion.cl\/#organization","name":"Feedback Capacitaci\u00f3n","url":"https:\/\/a.feedbackcapacitacion.cl\/","logo":{"@type":"ImageObject","inLanguage":"es","@id":"https:\/\/a.feedbackcapacitacion.cl\/#\/schema\/logo\/image\/","url":"https:\/\/feedbackcapacitacion.cl\/wp-content\/uploads\/2023\/09\/cropped-Logo-Feedback.png","contentUrl":"https:\/\/feedbackcapacitacion.cl\/wp-content\/uploads\/2023\/09\/cropped-Logo-Feedback.png","width":322,"height":88,"caption":"Feedback Capacitaci\u00f3n"},"image":{"@id":"https:\/\/a.feedbackcapacitacion.cl\/#\/schema\/logo\/image\/"}}]}},"_links":{"self":[{"href":"https:\/\/feedbackcapacitacion.cl\/index.php?rest_route=\/wp\/v2\/pages\/236","targetHints":{"allow":["GET"]}}],"collection":[{"href":"https:\/\/feedbackcapacitacion.cl\/index.php?rest_route=\/wp\/v2\/pages"}],"about":[{"href":"https:\/\/feedbackcapacitacion.cl\/index.php?rest_route=\/wp\/v2\/types\/page"}],"author":[{"embeddable":true,"href":"https:\/\/feedbackcapacitacion.cl\/index.php?rest_route=\/wp\/v2\/users\/1"}],"replies":[{"embeddable":true,"href":"https:\/\/feedbackcapacitacion.cl\/index.php?rest_route=%2Fwp%2Fv2%2Fcomments&post=236"}],"version-history":[{"count":11,"href":"https:\/\/feedbackcapacitacion.cl\/index.php?rest_route=\/wp\/v2\/pages\/236\/revisions"}],"predecessor-version":[{"id":254,"href":"https:\/\/feedbackcapacitacion.cl\/index.php?rest_route=\/wp\/v2\/pages\/236\/revisions\/254"}],"wp:attachment":[{"href":"https:\/\/feedbackcapacitacion.cl\/index.php?rest_route=%2Fwp%2Fv2%2Fmedia&parent=236"}],"curies":[{"name":"wp","href":"https:\/\/api.w.org\/{rel}","templated":true}]}}